{"id":2,"date":"2022-12-25T15:48:37","date_gmt":"2022-12-25T15:48:37","guid":{"rendered":"https:\/\/grandbettingz.com\/?page_id=2"},"modified":"2026-01-02T22:08:02","modified_gmt":"2026-01-02T19:08:02","slug":"sample-page","status":"publish","type":"page","link":"https:\/\/grandbettingz.com\/ss\/","title":{"rendered":"Grandbetting Giri\u015f, Grandbetting G\u00fcncel"},"content":{"rendered":"<p style=\"text-align: center;\"><em><strong><a href=\"https:\/\/grandbettingz.com\/\">Grandbetting<\/a> ile heyecan dolu bir kazan\u00e7 d\u00fcnyas\u0131na ad\u0131m atmaya ne dersiniz?\u00a0 Y\u00fcksek oranlar ve say\u0131s\u0131z oyun se\u00e7ene\u011fi sayesinde kazanc\u0131n\u0131z\u0131 katlama \u015fans\u0131n\u0131z burada!<\/strong><\/em><\/p>\n<p style=\"text-align: center;\">    <a target=\"_blank\" rel=\"nofollow\" href=\"http:\/\/adie.us\/kCnYvMVZ\" class=\"button-19\" role=\"button\">Grandbetting G\u00fcvenilir Giri\u015f<\/a>\n    <\/p>\n<p style=\"text-align: center;\">Grandbet bahis sitesinin g\u00fcvenli altyap\u0131s\u0131 ve kullan\u0131c\u0131 dostu platformu ile kazanmaya odaklanabilirsiniz. An\u0131nda \u00f6deme se\u00e7enekleri ve \u00e7ekici bonus kampanyalar\u0131yla her an avantaj sizden yana. G\u00fcncellenen adresiyle her daim kesintisiz oyun keyfi sunan bu platformda, \u00fcyelik olu\u015fturarak kazanc\u0131n\u0131z\u0131 art\u0131r\u0131n ve e\u011flencenin tad\u0131n\u0131 \u00e7\u0131kar\u0131n. Kazanman\u0131n zevkine var\u0131n, yeniden oynamak isteyeceksiniz!<\/p>\n<p style=\"text-align: center;\"><strong>Grandbetting<\/strong> 2000 y\u0131llar\u0131n\u0131n ba\u015f\u0131nda aktif olmu\u015f, Betconstruct altyap\u0131 sa\u011flay\u0131c\u0131s\u0131 ile oyuncular\u0131na kaliteli bir hizmet sunmaktad\u0131r. K\u00f6kl\u00fc ge\u00e7mi\u015fi ile ba\u011fl\u0131 oldu\u011fu altyap\u0131n\u0131n pilot sitelerinden biri haline gelmi\u015ftir. M\u00fc\u015fterilerine spor bahisleri, casino, poker, tombala ve sanal bahis oyunlar\u0131n\u0131 g\u00fcn\u00fcn her saati kesintisiz bir \u015fekilde sa\u011flamaktad\u0131r. <em>&#8221;Dr. Henri Fergusonweg 1, Curacao CW&#8221;<\/em> bahis oynatma lisans\u0131n\u0131 bar\u0131nd\u0131ran g\u00fcvenilir bahis sitesine eri\u015fiminizi t\u00fcm cihazdan yapabiliyorsunuz. Dolay\u0131s\u0131yla <strong>Grandbetting<\/strong> g\u00fcvenilir hizmet anlay\u0131\u015f\u0131 ile teredd\u00fcts\u00fcz oynayabilece\u011finiz bahis sitesi haline geliyor.<\/p>\n<p style=\"text-align: center;\">Bunu biliyorsunuz ama tekrar belirtmekte fayda oldu\u011funu d\u00fc\u015f\u00fcn\u00fcyoruz. Sayfam\u0131zda olan giri\u015f butonunu de\u011ferlendirebilirsiniz. Bu y\u00fczden sitemizi <span style=\"color: #339966;\">favorilerinize<\/span> eklemenizi tavsiye ediyoruz<span style=\"color: #0000ff;\">.<\/span> Bir a\u015fa\u011f\u0131da bulunan y\u00f6nlendirme butonumuz her zaman sizi g\u00fcncel adrese ula\u015ft\u0131racakt\u0131r.<\/p>\n<p><a href=\"https:\/\/cutt.ly\/eel0G7u5\" target=\"_blank\" rel=\"noopener\"><img decoding=\"async\" class=\"aligncenter wp-image-237 size-full\" src=\"https:\/\/grandbettingz.com\/wp-content\/uploads\/2023\/07\/grandbetting-giris-adresi.png\" alt=\"Grandbetting g\u00fcvenilir linkler \u00fczerinden eri\u015fim sa\u011flamak i\u00e7in sayfam\u0131zda belirtti\u011fimiz kontrolleri sa\u011flaman\u0131z\u0131 \u00f6nermekteyiz.\" width=\"400\" height=\"400\" srcset=\"https:\/\/grandbettingz.com\/wp-content\/uploads\/2023\/07\/grandbetting-giris-adresi.png 400w, https:\/\/grandbettingz.com\/wp-content\/uploads\/2023\/07\/grandbetting-giris-adresi-300x300.png 300w, https:\/\/grandbettingz.com\/wp-content\/uploads\/2023\/07\/grandbetting-giris-adresi-150x150.png 150w\" sizes=\"(max-width: 400px) 100vw, 400px\" \/><br \/>\n<\/a><strong>Grandbetting Giri\u015f Adresi \u0130le E\u011flenceli Oyunlara Kat\u0131l\u0131n!<\/strong><\/p>\n<p>G\u00fcvenilirlik ve heyecan arayanlar i\u00e7in <strong>Grandbetting<\/strong>, sekt\u00f6rde \u00f6ne \u00e7\u0131kan platformlardan biri olmaya devam ediyor. Bahis\u00e7iler taraf\u0131ndan en \u00e7ok tercih edilen siteler aras\u0131nda yer alan Grandbetting, sundu\u011fu avantajlarla kullan\u0131c\u0131lar\u0131na benzersiz deneyimler sunuyor. T\u00fcrkiye\u2019de \u00e7evrimi\u00e7i platformlara eri\u015fim zaman zaman k\u0131s\u0131tlamalarla kar\u015f\u0131la\u015fsa da, <strong>Grandbetting g\u00fcncel giri\u015f<\/strong> s\u00fcrekli yenilenerek eri\u015fim sorunu ya\u015famadan hizmet vermeye devam ediyor. Bu sayede, \u00fcyeler herhangi bir kesinti ya\u015famadan siteye ula\u015fabiliyor ve hizmetlerden faydalanabiliyor.<\/p>\n<p><strong>Grandbetting g\u00fcncel adresi<\/strong> yaln\u0131zca spor bahisleri de\u011fil, canl\u0131 bahisler ve \u00e7e\u015fitli oyun se\u00e7enekleriyle de zengin bir i\u00e7erik sunuyor. 2024 y\u0131l\u0131 itibar\u0131yla, altyap\u0131s\u0131n\u0131 g\u00fc\u00e7lendiren Grandbet, hizmet kalitesini ve site h\u0131z\u0131n\u0131 da art\u0131rd\u0131. Yeni tasar\u0131m\u0131yla kullan\u0131c\u0131 dostu bir deneyim sunarak, \u00fcyelerin sitede daha rahat gezinmesini sa\u011fl\u0131yor. Platformla ilgili detaylar ve g\u00fcncellenen adres bilgileri i\u00e7in <strong>blog sitemizi<\/strong> ziyaret edebilirsiniz.<\/p>\n<h2>Grandbetting G\u00fcvenilir Altyap\u0131s\u0131 \u0130le Pilot Site!<\/h2>\n<p>Sekt\u00f6rde g\u00fcvenilirlik, e\u011flence ve kazan\u00e7 bir araya geldi\u011finde Grandbetting \u00f6ne \u00e7\u0131kan bir platform olarak kar\u015f\u0131m\u0131za \u00e7\u0131k\u0131yor. <strong>Grandbetting g\u00fcvenilir mi?<\/strong> sorusu, siteyi tercih eden kullan\u0131c\u0131lar aras\u0131nda s\u0131k\u00e7a sorulmaktad\u0131r. Curacao eGaming lisans\u0131 alt\u0131nda faaliyet g\u00f6steren ve Socas International BV taraf\u0131ndan y\u00f6netilen Grandbetting , d\u00fczenli denetimlere tabi tutulmakta ve bu sayede g\u00fcvenli, \u015feffaf ve adil bir oyun ortam\u0131 sunmaktad\u0131r.<\/p>\n<p>Platform, ba\u011f\u0131ms\u0131z test kurulu\u015flar\u0131 taraf\u0131ndan periyodik olarak test edilir ve oyunlarda kullan\u0131lan rastgele say\u0131 \u00fcreteci teknolojisi sayesinde manip\u00fclasyon yap\u0131lmas\u0131 imk\u00e2ns\u0131zd\u0131r. <strong>Grandbetting altyap\u0131s\u0131 nas\u0131l?<\/strong> sorusuna ise, geli\u015fmi\u015f teknolojik altyap\u0131s\u0131 ile kullan\u0131c\u0131lar\u0131na sorunsuz ve g\u00fcvenli bir deneyim sundu\u011fu yan\u0131t\u0131 verilebilir.<\/p>\n<p>D\u00fcnya \u00e7ap\u0131nda tan\u0131nm\u0131\u015f ve lisansl\u0131 oyun sa\u011flay\u0131c\u0131lar\u0131 taraf\u0131ndan sunulan casino oyunlar\u0131, y\u00fcksek kalite standartlar\u0131na sahiptir ve yasal denetimlerden ba\u015far\u0131yla ge\u00e7mektedir. <strong>Grandbetting belge istiyor mu? <\/strong>sorusu da kullan\u0131c\u0131lar\u0131n merak etti\u011fi bir di\u011fer konudur. Platform, i\u015flemlerin g\u00fcvenli\u011fi ve do\u011frulu\u011fu ad\u0131na baz\u0131 durumlarda kimlik do\u011frulama belgeleri talep edebilir.<\/p>\n<p>Grandbetting, \u00fcyelerine g\u00fcvenli, e\u011flenceli ve kazan\u00e7 dolu bir deneyim sunmay\u0131 ama\u00e7lar. Siz de hemen \u00fcye olarak bu deneyimin keyfini \u00e7\u0131karabilirsiniz!<\/p>\n<p><img decoding=\"async\" class=\"aligncenter wp-image-277 size-full\" src=\"https:\/\/grandbettingz.com\/wp-content\/uploads\/2024\/10\/grandbetting-giris.jpg\" alt=\"Grandbetting giri\u015f adresinde limitsiz kazan\u00e7 ve heyecan sunulmaktad\u0131r.\" width=\"730\" height=\"356\" srcset=\"https:\/\/grandbettingz.com\/wp-content\/uploads\/2024\/10\/grandbetting-giris.jpg 730w, https:\/\/grandbettingz.com\/wp-content\/uploads\/2024\/10\/grandbetting-giris-300x146.jpg 300w\" sizes=\"(max-width: 730px) 100vw, 730px\" \/><\/p>\n<h2>Grandbetting K\u00f6t\u00fc Yorumlar\u0131 Nelerdir?<\/h2>\n<p><strong>Grandbetting \u015fikayetleri<\/strong> genellikle sosyal medya platformlar\u0131nda dile getirilmektedir. Ancak, bu \u015fikayetlerin b\u00fcy\u00fck \u00e7o\u011funlu\u011funun ger\u00e7ek d\u0131\u015f\u0131 olmas\u0131, platformun g\u00fcvenilirli\u011fini destekler niteliktedir. Baz\u0131 kullan\u0131c\u0131lar eri\u015fim sorunlar\u0131ndan bahsetse de, bu sorunlar ger\u00e7ek\u00e7i de\u011fildir \u00e7\u00fcnk\u00fc <strong>Grandbetting yeni giri\u015f<\/strong> adresi her zaman kullan\u0131ma haz\u0131r durumdad\u0131r ve kesintisiz hizmet sa\u011flanmaktad\u0131r.<\/p>\n<p>&#8220;Grandbetting belge istiyor mu?&#8221; sorusu ise bir\u00e7ok kullan\u0131c\u0131 taraf\u0131ndan merak edilmektedir. Zaman zaman bahis platformlar\u0131n\u0131n belge talep etmesi olduk\u00e7a normaldir. Grandbetting i\u00e7in de bu durum ge\u00e7erlidir. Bu belgelerin do\u011frulanmas\u0131, genellikle e-posta yoluyla yap\u0131lmaktad\u0131r ve i\u015flemlerin g\u00fcvenli\u011fi a\u00e7\u0131s\u0131ndan \u00f6nem ta\u015f\u0131maktad\u0131r.<\/p>\n<h2>Grandbetting \u00dcyelik Bonusu Nas\u0131l Al\u0131n\u0131r?<\/h2>\n<p><strong>Grandbetting ho\u015f geldin bonusu<\/strong> olduk\u00e7a dikkat \u00e7ekicidir. Bu f\u0131rsat, siteye kay\u0131t olduktan hemen sonra kullan\u0131c\u0131lar\u0131n yararlanabilece\u011fi bir kampanyad\u0131r. \u00dcyelik i\u015flemlerinde istenen bilgilerin eksiksiz ve hatas\u0131z girilmesi yeterlidir. Kay\u0131t i\u015flemi onayland\u0131ktan sonra bonusun aktif hale getirilmesi olduk\u00e7a kolayd\u0131r.<\/p>\n<p>Ayr\u0131ca, <strong>Grandbetting kay\u0131t<\/strong> bonusu sunmaktad\u0131r. Bu bonus, yap\u0131lan 3 para aktar\u0131m\u0131n\u0131n ard\u0131ndan %300 oran\u0131nda verilmektedir. \u00d6zel promosyon kutusunun i\u015faretlenmesiyle birlikte bu bonusa hak kazanabilirsiniz. Toplamda 15.000 TL\u2019ye kadar \u00e7\u0131kan bu bonus, kullan\u0131c\u0131lar i\u00e7in b\u00fcy\u00fck bir avantaj sunmaktad\u0131r.<\/p>\n<p><strong>Grandbetting para \u00e7ekme<\/strong> i\u015flemleri i\u00e7in \u00e7evrim \u015fart\u0131n\u0131n tamamlanmas\u0131 gereklidir. Bu a\u015fama tamamland\u0131\u011f\u0131nda para \u00e7ekimiyle ilgili herhangi bir engel kalmamaktad\u0131r. Grandbet bonuslar\u0131, <a href=\"https:\/\/www.mackolik.com\/canli-sonuclar\" target=\"_blank\" rel=\"noopener\"><strong>ma\u00e7kolik<\/strong><\/a> ve iddaa gibi platformlardaki f\u0131rsatlar\u0131n olduk\u00e7a \u00fczerinde avantajlar sa\u011flamaktad\u0131r.<\/p>\n<p>Ayr\u0131ca, bu bonus spor bahisleri b\u00f6l\u00fcm\u00fcnde de ge\u00e7erli olup, bahis yap\u0131lacak ma\u00e7lar\u0131n oran\u0131n\u0131n en az 1,60 olmas\u0131 \u015fart\u0131 bulunmaktad\u0131r. \u00c7evrim say\u0131s\u0131n\u0131n ise 12 oldu\u011funu unutmamak gerekir. Ancak, iki olas\u0131l\u0131kl\u0131 bahis marketlerinde bu bonusun kullan\u0131m\u0131 yasakt\u0131r. Bu kurallara dikkat ederek, paran\u0131z\u0131 kolayca katlayabilirsiniz.<\/p>\n<p><img decoding=\"async\" class=\"aligncenter wp-image-278 size-full\" src=\"https:\/\/grandbettingz.com\/wp-content\/uploads\/2024\/10\/grandbetting-casino.jpg\" alt=\"Grandbetting slot turnuvalar\u0131n\u0131 takip edebilir ve uygun g\u00f6rd\u00fc\u011f\u00fcn\u00fcz turnuvaya kolayca kat\u0131l\u0131m sa\u011flayabilirsiniz.\" width=\"637\" height=\"325\" srcset=\"https:\/\/grandbettingz.com\/wp-content\/uploads\/2024\/10\/grandbetting-casino.jpg 637w, https:\/\/grandbettingz.com\/wp-content\/uploads\/2024\/10\/grandbetting-casino-300x153.jpg 300w\" sizes=\"(max-width: 637px) 100vw, 637px\" \/><\/p>\n<h3>S.S.S (S\u0131k\u00e7a Sorulan Sorular)<\/h3>\n<p><strong>Grandbetting domain ad\u0131 de\u011fi\u015fiyor mu?<\/strong><\/p>\n<p>Zaman zaman Grandbetting adresi eri\u015fim engellenebilmektedir. Bu gibi durumlarda, yeni ve g\u00fcncel bir alan ad\u0131 h\u0131zl\u0131 bir \u015fekilde kullan\u0131ma sunulmaktad\u0131r. B\u00f6ylece \u00fcyeler kesintisiz hizmet almaya devam edebilirler.<\/p>\n<p><strong>Grandbetting mobil giri\u015f h\u0131zl\u0131 m\u0131?<\/strong><\/p>\n<p>Grandbetting t\u00fcm ak\u0131ll\u0131 telefonlardan anl\u0131k olarak eri\u015fim sa\u011flayabilirsiniz. Site, hem IOS hem de Android cihazlarla tam uyumludur, b\u00f6ylece mobil cihazlar \u00fczerinden rahatl\u0131kla bahis oynayabilirsiniz. Ayr\u0131ca mobil uygulamas\u0131 ile kesintisiz hizmet vermektedir.<\/p>\n<p><strong>Grandbetting \u00fcyelik onay nas\u0131l yap\u0131l\u0131r?<\/strong><\/p>\n<p>Grandbetting taraf\u0131ndan g\u00f6nderilen e-posta i\u00e7indeki linke t\u0131klanarak yap\u0131l\u0131r. Ard\u0131ndan, belirledi\u011finiz \u015fifre ve kullan\u0131c\u0131 ad\u0131n\u0131 girerek \u00fcyeli\u011finizi tamamlayabilirsiniz.<\/p>\n<p><strong>Grandbetting bahis oranlar\u0131n\u0131 kim belirler?<\/strong><\/p>\n<p>Grandbetting spor bahislerindeki oranlar\u0131, &#8220;risk birimi&#8221; olarak adland\u0131r\u0131lan \u00f6zel bir departman taraf\u0131ndan belirlenmektedir. Bu oranlar genellikle y\u00fcksek tutularak kullan\u0131c\u0131lar\u0131na avantaj sa\u011flamaktad\u0131r. Ayr\u0131ca super bet se\u00e7ene\u011fine de karar veren merci sitenin risk birimi olmaktad\u0131r. Bahisleriniz i\u00e7in limit kontrolleri de yap\u0131lmaktad\u0131r.<\/p>\n<table border=\"1\" cellspacing=\"0\" cellpadding=\"10\">\n<thead>\n<tr>\n<th>Grandbetting Bonuslar\u0131<\/th>\n<th>En Fazla Ka\u00e7 TL<\/th>\n<th>Ge\u00e7erlilik S\u00fcresi<\/th>\n<th>Y\u00fczdesi<\/th>\n<\/tr>\n<\/thead>\n<tbody>\n<tr>\n<td>Ho\u015fgeldin Bonusu<\/td>\n<td>10.000 TL<\/td>\n<td>45 G\u00fcn<\/td>\n<td>%120<\/td>\n<\/tr>\n<tr>\n<td>\u0130lk Yat\u0131r\u0131m Bonusu<\/td>\n<td>2.500 TL<\/td>\n<td>30 G\u00fcn<\/td>\n<td>%50<\/td>\n<\/tr>\n<tr>\n<td>Deneme Bonusu<\/td>\n<td>750 TL<\/td>\n<td>7 G\u00fcn<\/td>\n<td>Tek Seferlik<\/td>\n<\/tr>\n<tr>\n<td>Haftal\u0131k Bonus<\/td>\n<td>1.200 TL<\/td>\n<td>7 G\u00fcn<\/td>\n<td>%60<\/td>\n<\/tr>\n<tr>\n<td>Arkada\u015f Bonusu<\/td>\n<td>5.000 TL<\/td>\n<td>60 G\u00fcn<\/td>\n<td>%70<\/td>\n<\/tr>\n<\/tbody>\n<\/table>\n<p>Grandbetting sundu\u011fu oyunlar ve bonus f\u0131rsatlar\u0131ndan yararlanmak i\u00e7in, <a href=\"https:\/\/www.google.com.tr\/search?q=Grandbetting\" target=\"_blank\" rel=\"noopener\"><strong>Grandbetting Google<\/strong><\/a> h\u0131zl\u0131ca kayd\u0131n\u0131z\u0131 ger\u00e7ekle\u015ftirmeniz yeterlidir.<\/p>\n","protected":false},"excerpt":{"rendered":"<div class=\"mh-excerpt\"><p>Grandbetting ile heyecan dolu bir kazan\u00e7 d\u00fcnyas\u0131na ad\u0131m atmaya ne dersiniz?\u00a0 Y\u00fcksek oranlar ve say\u0131s\u0131z oyun se\u00e7ene\u011fi sayesinde kazanc\u0131n\u0131z\u0131 katlama \u015fans\u0131n\u0131z burada! Grandbet bahis sitesinin g\u00fcvenli altyap\u0131s\u0131 ve kullan\u0131c\u0131 dostu platformu ile kazanmaya odaklanabilirsiniz. An\u0131nda <a class=\"mh-excerpt-more\" href=\"https:\/\/grandbettingz.com\/ss\/\" title=\"Grandbetting Giri\u015f, Grandbetting G\u00fcncel\">[&#8230;]<\/a><\/p>\n<\/div>","protected":false},"author":1,"featured_media":0,"parent":0,"menu_order":0,"comment_status":"closed","ping_status":"closed","template":"","meta":{"footnotes":""},"class_list":["post-2","page","type-page","status-publish"],"yoast_head":"<!-- This site is optimized with the Yoast SEO plugin v27.4 - https:\/\/yoast.com\/product\/yoast-seo-wordpress\/ -->\n<title>Grandbetting - Grandbetting G\u00fcncel Giri\u015f - Grandbet Giri\u015f<\/title>\n<meta name=\"description\" content=\"Grandbetting giri\u015f adresi t\u00fcm cihazlardan h\u0131zl\u0131 eri\u015fim imkan\u0131 sunuyor. Grandbetting 500 TL yeni kay\u0131t bonusu an\u0131nda para \u00e7ekme sitesi.\" \/>\n<meta name=\"robots\" content=\"index, follow, max-snippet:-1, max-image-preview:large, max-video-preview:-1\" \/>\n<link rel=\"canonical\" href=\"https:\/\/grandbettingz.com\/ss\/\" \/>\n<meta property=\"og:locale\" content=\"tr_TR\" \/>\n<meta property=\"og:type\" content=\"article\" \/>\n<meta property=\"og:title\" content=\"Grandbetting - Grandbetting G\u00fcncel Giri\u015f - Grandbet Giri\u015f\" \/>\n<meta property=\"og:description\" content=\"Grandbetting giri\u015f adresi t\u00fcm cihazlardan h\u0131zl\u0131 eri\u015fim imkan\u0131 sunuyor. Grandbetting 500 TL yeni kay\u0131t bonusu an\u0131nda para \u00e7ekme sitesi.\" \/>\n<meta property=\"og:url\" content=\"https:\/\/grandbettingz.com\/ss\/\" \/>\n<meta property=\"og:site_name\" content=\"Grandbetting\" \/>\n<meta property=\"article:modified_time\" content=\"2026-01-02T19:08:02+00:00\" \/>\n<meta property=\"og:image\" content=\"https:\/\/grandbettingz.com\/wp-content\/uploads\/2023\/07\/grandbetting-giris-adresi.png\" \/>\n<meta name=\"twitter:card\" content=\"summary_large_image\" \/>\n<meta name=\"twitter:site\" content=\"@Grandbet_tw\" \/>\n<meta name=\"twitter:label1\" content=\"Tahmini okuma s\u00fcresi\" \/>\n\t<meta name=\"twitter:data1\" content=\"7 dakika\" \/>\n<script type=\"application\/ld+json\" class=\"yoast-schema-graph\">{\"@context\":\"https:\\\/\\\/schema.org\",\"@graph\":[{\"@type\":\"WebPage\",\"@id\":\"https:\\\/\\\/grandbettingz.com\\\/ss\\\/\",\"url\":\"https:\\\/\\\/grandbettingz.com\\\/ss\\\/\",\"name\":\"Grandbetting - Grandbetting G\u00fcncel Giri\u015f - Grandbet Giri\u015f\",\"isPartOf\":{\"@id\":\"https:\\\/\\\/grandbettingz.com\\\/ss\\\/#website\"},\"primaryImageOfPage\":{\"@id\":\"https:\\\/\\\/grandbettingz.com\\\/ss\\\/#primaryimage\"},\"image\":{\"@id\":\"https:\\\/\\\/grandbettingz.com\\\/ss\\\/#primaryimage\"},\"thumbnailUrl\":\"https:\\\/\\\/grandbettingz.com\\\/wp-content\\\/uploads\\\/2023\\\/07\\\/grandbetting-giris-adresi.png\",\"datePublished\":\"2022-12-25T15:48:37+00:00\",\"dateModified\":\"2026-01-02T19:08:02+00:00\",\"description\":\"Grandbetting giri\u015f adresi t\u00fcm cihazlardan h\u0131zl\u0131 eri\u015fim imkan\u0131 sunuyor. Grandbetting 500 TL yeni kay\u0131t bonusu an\u0131nda para \u00e7ekme sitesi.\",\"breadcrumb\":{\"@id\":\"https:\\\/\\\/grandbettingz.com\\\/ss\\\/#breadcrumb\"},\"inLanguage\":\"tr\",\"potentialAction\":[{\"@type\":\"ReadAction\",\"target\":[\"https:\\\/\\\/grandbettingz.com\\\/ss\\\/\"]}]},{\"@type\":\"ImageObject\",\"inLanguage\":\"tr\",\"@id\":\"https:\\\/\\\/grandbettingz.com\\\/ss\\\/#primaryimage\",\"url\":\"https:\\\/\\\/grandbettingz.com\\\/wp-content\\\/uploads\\\/2023\\\/07\\\/grandbetting-giris-adresi.png\",\"contentUrl\":\"https:\\\/\\\/grandbettingz.com\\\/wp-content\\\/uploads\\\/2023\\\/07\\\/grandbetting-giris-adresi.png\"},{\"@type\":\"BreadcrumbList\",\"@id\":\"https:\\\/\\\/grandbettingz.com\\\/ss\\\/#breadcrumb\",\"itemListElement\":[{\"@type\":\"ListItem\",\"position\":1,\"name\":\"Anasayfa\",\"item\":\"https:\\\/\\\/grandbettingz.com\\\/ss\\\/\"},{\"@type\":\"ListItem\",\"position\":2,\"name\":\"Grandbetting Giri\u015f, Grandbetting G\u00fcncel\"}]},{\"@type\":\"WebSite\",\"@id\":\"https:\\\/\\\/grandbettingz.com\\\/ss\\\/#website\",\"url\":\"https:\\\/\\\/grandbettingz.com\\\/ss\\\/\",\"name\":\"Grandbetting\",\"description\":\"Grandbetting G\u00fcncel Giri\u015f - Grandbet Giri\u015f\",\"publisher\":{\"@id\":\"https:\\\/\\\/grandbettingz.com\\\/ss\\\/#organization\"},\"potentialAction\":[{\"@type\":\"SearchAction\",\"target\":{\"@type\":\"EntryPoint\",\"urlTemplate\":\"https:\\\/\\\/grandbettingz.com\\\/ss\\\/?s={search_term_string}\"},\"query-input\":{\"@type\":\"PropertyValueSpecification\",\"valueRequired\":true,\"valueName\":\"search_term_string\"}}],\"inLanguage\":\"tr\"},{\"@type\":\"Organization\",\"@id\":\"https:\\\/\\\/grandbettingz.com\\\/ss\\\/#organization\",\"name\":\"Grandbetting\",\"url\":\"https:\\\/\\\/grandbettingz.com\\\/ss\\\/\",\"logo\":{\"@type\":\"ImageObject\",\"inLanguage\":\"tr\",\"@id\":\"https:\\\/\\\/grandbettingz.com\\\/ss\\\/#\\\/schema\\\/logo\\\/image\\\/\",\"url\":\"https:\\\/\\\/grandbettingz.com\\\/wp-content\\\/uploads\\\/2022\\\/12\\\/cropped-grandbetting-logosu.png\",\"contentUrl\":\"https:\\\/\\\/grandbettingz.com\\\/wp-content\\\/uploads\\\/2022\\\/12\\\/cropped-grandbetting-logosu.png\",\"width\":435,\"height\":145,\"caption\":\"Grandbetting\"},\"image\":{\"@id\":\"https:\\\/\\\/grandbettingz.com\\\/ss\\\/#\\\/schema\\\/logo\\\/image\\\/\"},\"sameAs\":[\"https:\\\/\\\/x.com\\\/Grandbet_tw\"]}]}<\/script>\n<!-- \/ Yoast SEO plugin. -->","yoast_head_json":{"title":"Grandbetting - Grandbetting G\u00fcncel Giri\u015f - Grandbet Giri\u015f","description":"Grandbetting giri\u015f adresi t\u00fcm cihazlardan h\u0131zl\u0131 eri\u015fim imkan\u0131 sunuyor. Grandbetting 500 TL yeni kay\u0131t bonusu an\u0131nda para \u00e7ekme sitesi.","robots":{"index":"index","follow":"follow","max-snippet":"max-snippet:-1","max-image-preview":"max-image-preview:large","max-video-preview":"max-video-preview:-1"},"canonical":"https:\/\/grandbettingz.com\/ss\/","og_locale":"tr_TR","og_type":"article","og_title":"Grandbetting - Grandbetting G\u00fcncel Giri\u015f - Grandbet Giri\u015f","og_description":"Grandbetting giri\u015f adresi t\u00fcm cihazlardan h\u0131zl\u0131 eri\u015fim imkan\u0131 sunuyor. Grandbetting 500 TL yeni kay\u0131t bonusu an\u0131nda para \u00e7ekme sitesi.","og_url":"https:\/\/grandbettingz.com\/ss\/","og_site_name":"Grandbetting","article_modified_time":"2026-01-02T19:08:02+00:00","og_image":[{"url":"https:\/\/grandbettingz.com\/wp-content\/uploads\/2023\/07\/grandbetting-giris-adresi.png","type":"","width":"","height":""}],"twitter_card":"summary_large_image","twitter_site":"@Grandbet_tw","twitter_misc":{"Tahmini okuma s\u00fcresi":"7 dakika"},"schema":{"@context":"https:\/\/schema.org","@graph":[{"@type":"WebPage","@id":"https:\/\/grandbettingz.com\/ss\/","url":"https:\/\/grandbettingz.com\/ss\/","name":"Grandbetting - Grandbetting G\u00fcncel Giri\u015f - Grandbet Giri\u015f","isPartOf":{"@id":"https:\/\/grandbettingz.com\/ss\/#website"},"primaryImageOfPage":{"@id":"https:\/\/grandbettingz.com\/ss\/#primaryimage"},"image":{"@id":"https:\/\/grandbettingz.com\/ss\/#primaryimage"},"thumbnailUrl":"https:\/\/grandbettingz.com\/wp-content\/uploads\/2023\/07\/grandbetting-giris-adresi.png","datePublished":"2022-12-25T15:48:37+00:00","dateModified":"2026-01-02T19:08:02+00:00","description":"Grandbetting giri\u015f adresi t\u00fcm cihazlardan h\u0131zl\u0131 eri\u015fim imkan\u0131 sunuyor. Grandbetting 500 TL yeni kay\u0131t bonusu an\u0131nda para \u00e7ekme sitesi.","breadcrumb":{"@id":"https:\/\/grandbettingz.com\/ss\/#breadcrumb"},"inLanguage":"tr","potentialAction":[{"@type":"ReadAction","target":["https:\/\/grandbettingz.com\/ss\/"]}]},{"@type":"ImageObject","inLanguage":"tr","@id":"https:\/\/grandbettingz.com\/ss\/#primaryimage","url":"https:\/\/grandbettingz.com\/wp-content\/uploads\/2023\/07\/grandbetting-giris-adresi.png","contentUrl":"https:\/\/grandbettingz.com\/wp-content\/uploads\/2023\/07\/grandbetting-giris-adresi.png"},{"@type":"BreadcrumbList","@id":"https:\/\/grandbettingz.com\/ss\/#breadcrumb","itemListElement":[{"@type":"ListItem","position":1,"name":"Anasayfa","item":"https:\/\/grandbettingz.com\/ss\/"},{"@type":"ListItem","position":2,"name":"Grandbetting Giri\u015f, Grandbetting G\u00fcncel"}]},{"@type":"WebSite","@id":"https:\/\/grandbettingz.com\/ss\/#website","url":"https:\/\/grandbettingz.com\/ss\/","name":"Grandbetting","description":"Grandbetting G\u00fcncel Giri\u015f - Grandbet Giri\u015f","publisher":{"@id":"https:\/\/grandbettingz.com\/ss\/#organization"},"potentialAction":[{"@type":"SearchAction","target":{"@type":"EntryPoint","urlTemplate":"https:\/\/grandbettingz.com\/ss\/?s={search_term_string}"},"query-input":{"@type":"PropertyValueSpecification","valueRequired":true,"valueName":"search_term_string"}}],"inLanguage":"tr"},{"@type":"Organization","@id":"https:\/\/grandbettingz.com\/ss\/#organization","name":"Grandbetting","url":"https:\/\/grandbettingz.com\/ss\/","logo":{"@type":"ImageObject","inLanguage":"tr","@id":"https:\/\/grandbettingz.com\/ss\/#\/schema\/logo\/image\/","url":"https:\/\/grandbettingz.com\/wp-content\/uploads\/2022\/12\/cropped-grandbetting-logosu.png","contentUrl":"https:\/\/grandbettingz.com\/wp-content\/uploads\/2022\/12\/cropped-grandbetting-logosu.png","width":435,"height":145,"caption":"Grandbetting"},"image":{"@id":"https:\/\/grandbettingz.com\/ss\/#\/schema\/logo\/image\/"},"sameAs":["https:\/\/x.com\/Grandbet_tw"]}]}},"_links":{"self":[{"href":"https:\/\/grandbettingz.com\/ss\/wp-json\/wp\/v2\/pages\/2","targetHints":{"allow":["GET"]}}],"collection":[{"href":"https:\/\/grandbettingz.com\/ss\/wp-json\/wp\/v2\/pages"}],"about":[{"href":"https:\/\/grandbettingz.com\/ss\/wp-json\/wp\/v2\/types\/page"}],"author":[{"embeddable":true,"href":"https:\/\/grandbettingz.com\/ss\/wp-json\/wp\/v2\/users\/1"}],"replies":[{"embeddable":true,"href":"https:\/\/grandbettingz.com\/ss\/wp-json\/wp\/v2\/comments?post=2"}],"version-history":[{"count":98,"href":"https:\/\/grandbettingz.com\/ss\/wp-json\/wp\/v2\/pages\/2\/revisions"}],"predecessor-version":[{"id":299,"href":"https:\/\/grandbettingz.com\/ss\/wp-json\/wp\/v2\/pages\/2\/revisions\/299"}],"wp:attachment":[{"href":"https:\/\/grandbettingz.com\/ss\/wp-json\/wp\/v2\/media?parent=2"}],"curies":[{"name":"wp","href":"https:\/\/api.w.org\/{rel}","templated":true}]}}