{"id":283,"date":"2024-10-09T02:22:39","date_gmt":"2024-10-08T23:22:39","guid":{"rendered":"https:\/\/grandbettingz.com\/?page_id=283"},"modified":"2024-10-09T02:22:39","modified_gmt":"2024-10-08T23:22:39","slug":"iletisim","status":"publish","type":"page","link":"https:\/\/grandbettingz.com\/ss\/iletisim\/","title":{"rendered":"\u0130leti\u015fim"},"content":{"rendered":"<p><em><strong>Grandbetting kay\u0131t adresi \u00fczerinden \u00fcyelik i\u015flemlerini ger\u00e7ekle\u015ftirmek olduk\u00e7a basittir.<\/strong><\/em><\/p>\n<p><a href=\"https:\/\/grandbettingz.com\/\"><strong>Grandbetting giri\u015f<\/strong><\/a> adresi, kullan\u0131c\u0131 dostu ve anla\u015f\u0131l\u0131r bir aray\u00fcz ile kay\u0131t i\u015flemlerini h\u0131zl\u0131ca tamamlaman\u0131z\u0131 sa\u011flar.<\/p>\n<p><iframe style=\"border: 0;\" src=\"https:\/\/www.google.com\/maps\/embed?pb=!1m18!1m12!1m3!1d102101.70178455308!2d30.635703504078098!3d36.89804638523457!2m3!1f0!2f0!3f0!3m2!1i1024!2i768!4f13.1!3m3!1m2!1s0x14c39aaeddadadc1%3A0x95c69f73f9e32e33!2sAntalya%2C%20T%C3%BCrkiye!5e0!3m2!1str!2spl!4v1728429885344!5m2!1str!2spl\" width=\"600\" height=\"450\" allowfullscreen=\"allowfullscreen\"><\/iframe><\/p>\n","protected":false},"excerpt":{"rendered":"<div class=\"mh-excerpt\"><p>Grandbetting kay\u0131t adresi \u00fczerinden \u00fcyelik i\u015flemlerini ger\u00e7ekle\u015ftirmek olduk\u00e7a basittir. Grandbetting giri\u015f adresi, kullan\u0131c\u0131 dostu ve anla\u015f\u0131l\u0131r bir aray\u00fcz ile kay\u0131t i\u015flemlerini h\u0131zl\u0131ca tamamlaman\u0131z\u0131 sa\u011flar.<\/p>\n<\/div>","protected":false},"author":1,"featured_media":0,"parent":0,"menu_order":0,"comment_status":"closed","ping_status":"closed","template":"","meta":{"footnotes":""},"class_list":["post-283","page","type-page","status-publish"],"yoast_head":"<!-- This site is optimized with the Yoast SEO plugin v27.4 - https:\/\/yoast.com\/product\/yoast-seo-wordpress\/ -->\n<title>\u0130leti\u015fim - Grandbetting<\/title>\n<meta name=\"robots\" content=\"index, follow, max-snippet:-1, max-image-preview:large, max-video-preview:-1\" \/>\n<link rel=\"canonical\" href=\"https:\/\/grandbettingz.com\/ss\/iletisim\/\" \/>\n<meta property=\"og:locale\" content=\"tr_TR\" \/>\n<meta property=\"og:type\" content=\"article\" \/>\n<meta property=\"og:title\" content=\"\u0130leti\u015fim - Grandbetting\" \/>\n<meta property=\"og:description\" content=\"Grandbetting kay\u0131t adresi \u00fczerinden \u00fcyelik i\u015flemlerini ger\u00e7ekle\u015ftirmek olduk\u00e7a basittir. Grandbetting giri\u015f adresi, kullan\u0131c\u0131 dostu ve anla\u015f\u0131l\u0131r bir aray\u00fcz ile kay\u0131t i\u015flemlerini h\u0131zl\u0131ca tamamlaman\u0131z\u0131 sa\u011flar.\" \/>\n<meta property=\"og:url\" content=\"https:\/\/grandbettingz.com\/ss\/iletisim\/\" \/>\n<meta property=\"og:site_name\" content=\"Grandbetting\" \/>\n<meta name=\"twitter:card\" content=\"summary_large_image\" \/>\n<meta name=\"twitter:site\" content=\"@Grandbet_tw\" \/>\n<meta name=\"twitter:label1\" content=\"Tahmini okuma s\u00fcresi\" \/>\n\t<meta name=\"twitter:data1\" content=\"1 dakika\" \/>\n<script type=\"application\/ld+json\" class=\"yoast-schema-graph\">{\"@context\":\"https:\\\/\\\/schema.org\",\"@graph\":[{\"@type\":\"WebPage\",\"@id\":\"https:\\\/\\\/grandbettingz.com\\\/ss\\\/iletisim\\\/\",\"url\":\"https:\\\/\\\/grandbettingz.com\\\/ss\\\/iletisim\\\/\",\"name\":\"\u0130leti\u015fim - Grandbetting\",\"isPartOf\":{\"@id\":\"https:\\\/\\\/grandbettingz.com\\\/ss\\\/#website\"},\"datePublished\":\"2024-10-08T23:22:39+00:00\",\"breadcrumb\":{\"@id\":\"https:\\\/\\\/grandbettingz.com\\\/ss\\\/iletisim\\\/#breadcrumb\"},\"inLanguage\":\"tr\",\"potentialAction\":[{\"@type\":\"ReadAction\",\"target\":[\"https:\\\/\\\/grandbettingz.com\\\/ss\\\/iletisim\\\/\"]}]},{\"@type\":\"BreadcrumbList\",\"@id\":\"https:\\\/\\\/grandbettingz.com\\\/ss\\\/iletisim\\\/#breadcrumb\",\"itemListElement\":[{\"@type\":\"ListItem\",\"position\":1,\"name\":\"Anasayfa\",\"item\":\"https:\\\/\\\/grandbettingz.com\\\/ss\\\/\"},{\"@type\":\"ListItem\",\"position\":2,\"name\":\"\u0130leti\u015fim\"}]},{\"@type\":\"WebSite\",\"@id\":\"https:\\\/\\\/grandbettingz.com\\\/ss\\\/#website\",\"url\":\"https:\\\/\\\/grandbettingz.com\\\/ss\\\/\",\"name\":\"Grandbetting\",\"description\":\"Grandbetting G\u00fcncel Giri\u015f - Grandbet Giri\u015f\",\"publisher\":{\"@id\":\"https:\\\/\\\/grandbettingz.com\\\/ss\\\/#organization\"},\"potentialAction\":[{\"@type\":\"SearchAction\",\"target\":{\"@type\":\"EntryPoint\",\"urlTemplate\":\"https:\\\/\\\/grandbettingz.com\\\/ss\\\/?s={search_term_string}\"},\"query-input\":{\"@type\":\"PropertyValueSpecification\",\"valueRequired\":true,\"valueName\":\"search_term_string\"}}],\"inLanguage\":\"tr\"},{\"@type\":\"Organization\",\"@id\":\"https:\\\/\\\/grandbettingz.com\\\/ss\\\/#organization\",\"name\":\"Grandbetting\",\"url\":\"https:\\\/\\\/grandbettingz.com\\\/ss\\\/\",\"logo\":{\"@type\":\"ImageObject\",\"inLanguage\":\"tr\",\"@id\":\"https:\\\/\\\/grandbettingz.com\\\/ss\\\/#\\\/schema\\\/logo\\\/image\\\/\",\"url\":\"https:\\\/\\\/grandbettingz.com\\\/wp-content\\\/uploads\\\/2022\\\/12\\\/cropped-grandbetting-logosu.png\",\"contentUrl\":\"https:\\\/\\\/grandbettingz.com\\\/wp-content\\\/uploads\\\/2022\\\/12\\\/cropped-grandbetting-logosu.png\",\"width\":435,\"height\":145,\"caption\":\"Grandbetting\"},\"image\":{\"@id\":\"https:\\\/\\\/grandbettingz.com\\\/ss\\\/#\\\/schema\\\/logo\\\/image\\\/\"},\"sameAs\":[\"https:\\\/\\\/x.com\\\/Grandbet_tw\"]}]}<\/script>\n<!-- \/ Yoast SEO plugin. -->","yoast_head_json":{"title":"\u0130leti\u015fim - Grandbetting","robots":{"index":"index","follow":"follow","max-snippet":"max-snippet:-1","max-image-preview":"max-image-preview:large","max-video-preview":"max-video-preview:-1"},"canonical":"https:\/\/grandbettingz.com\/ss\/iletisim\/","og_locale":"tr_TR","og_type":"article","og_title":"\u0130leti\u015fim - Grandbetting","og_description":"Grandbetting kay\u0131t adresi \u00fczerinden \u00fcyelik i\u015flemlerini ger\u00e7ekle\u015ftirmek olduk\u00e7a basittir. Grandbetting giri\u015f adresi, kullan\u0131c\u0131 dostu ve anla\u015f\u0131l\u0131r bir aray\u00fcz ile kay\u0131t i\u015flemlerini h\u0131zl\u0131ca tamamlaman\u0131z\u0131 sa\u011flar.","og_url":"https:\/\/grandbettingz.com\/ss\/iletisim\/","og_site_name":"Grandbetting","twitter_card":"summary_large_image","twitter_site":"@Grandbet_tw","twitter_misc":{"Tahmini okuma s\u00fcresi":"1 dakika"},"schema":{"@context":"https:\/\/schema.org","@graph":[{"@type":"WebPage","@id":"https:\/\/grandbettingz.com\/ss\/iletisim\/","url":"https:\/\/grandbettingz.com\/ss\/iletisim\/","name":"\u0130leti\u015fim - Grandbetting","isPartOf":{"@id":"https:\/\/grandbettingz.com\/ss\/#website"},"datePublished":"2024-10-08T23:22:39+00:00","breadcrumb":{"@id":"https:\/\/grandbettingz.com\/ss\/iletisim\/#breadcrumb"},"inLanguage":"tr","potentialAction":[{"@type":"ReadAction","target":["https:\/\/grandbettingz.com\/ss\/iletisim\/"]}]},{"@type":"BreadcrumbList","@id":"https:\/\/grandbettingz.com\/ss\/iletisim\/#breadcrumb","itemListElement":[{"@type":"ListItem","position":1,"name":"Anasayfa","item":"https:\/\/grandbettingz.com\/ss\/"},{"@type":"ListItem","position":2,"name":"\u0130leti\u015fim"}]},{"@type":"WebSite","@id":"https:\/\/grandbettingz.com\/ss\/#website","url":"https:\/\/grandbettingz.com\/ss\/","name":"Grandbetting","description":"Grandbetting G\u00fcncel Giri\u015f - Grandbet Giri\u015f","publisher":{"@id":"https:\/\/grandbettingz.com\/ss\/#organization"},"potentialAction":[{"@type":"SearchAction","target":{"@type":"EntryPoint","urlTemplate":"https:\/\/grandbettingz.com\/ss\/?s={search_term_string}"},"query-input":{"@type":"PropertyValueSpecification","valueRequired":true,"valueName":"search_term_string"}}],"inLanguage":"tr"},{"@type":"Organization","@id":"https:\/\/grandbettingz.com\/ss\/#organization","name":"Grandbetting","url":"https:\/\/grandbettingz.com\/ss\/","logo":{"@type":"ImageObject","inLanguage":"tr","@id":"https:\/\/grandbettingz.com\/ss\/#\/schema\/logo\/image\/","url":"https:\/\/grandbettingz.com\/wp-content\/uploads\/2022\/12\/cropped-grandbetting-logosu.png","contentUrl":"https:\/\/grandbettingz.com\/wp-content\/uploads\/2022\/12\/cropped-grandbetting-logosu.png","width":435,"height":145,"caption":"Grandbetting"},"image":{"@id":"https:\/\/grandbettingz.com\/ss\/#\/schema\/logo\/image\/"},"sameAs":["https:\/\/x.com\/Grandbet_tw"]}]}},"_links":{"self":[{"href":"https:\/\/grandbettingz.com\/ss\/wp-json\/wp\/v2\/pages\/283","targetHints":{"allow":["GET"]}}],"collection":[{"href":"https:\/\/grandbettingz.com\/ss\/wp-json\/wp\/v2\/pages"}],"about":[{"href":"https:\/\/grandbettingz.com\/ss\/wp-json\/wp\/v2\/types\/page"}],"author":[{"embeddable":true,"href":"https:\/\/grandbettingz.com\/ss\/wp-json\/wp\/v2\/users\/1"}],"replies":[{"embeddable":true,"href":"https:\/\/grandbettingz.com\/ss\/wp-json\/wp\/v2\/comments?post=283"}],"version-history":[{"count":1,"href":"https:\/\/grandbettingz.com\/ss\/wp-json\/wp\/v2\/pages\/283\/revisions"}],"predecessor-version":[{"id":284,"href":"https:\/\/grandbettingz.com\/ss\/wp-json\/wp\/v2\/pages\/283\/revisions\/284"}],"wp:attachment":[{"href":"https:\/\/grandbettingz.com\/ss\/wp-json\/wp\/v2\/media?parent=283"}],"curies":[{"name":"wp","href":"https:\/\/api.w.org\/{rel}","templated":true}]}}