{"id":3,"date":"2022-12-25T15:48:37","date_gmt":"2022-12-25T15:48:37","guid":{"rendered":"https:\/\/grandbettingz.com\/?page_id=3"},"modified":"2024-10-09T01:35:47","modified_gmt":"2024-10-08T22:35:47","slug":"gizlilik-politikasi","status":"publish","type":"page","link":"https:\/\/grandbettingz.com\/ss\/gizlilik-politikasi\/","title":{"rendered":"Gizlilik Politikas\u0131"},"content":{"rendered":"\r\n<p><a href=\"https:\/\/grandbettingz.com\/\"><strong>Grandbetting<\/strong><\/a>, g\u00fcvenli bir platform olarak kullan\u0131c\u0131lar\u0131na online hizmet sunan yabanc\u0131 bir firmad\u0131r. Gizlilik politikas\u0131 ilkeleri a\u00e7\u0131k ve anla\u015f\u0131l\u0131r bir \u015fekilde ifade edilmi\u015ftir. Bu politika do\u011frultusunda hangi bilgilerin topland\u0131\u011f\u0131 ve bu bilgilerin nas\u0131l kullan\u0131ld\u0131\u011f\u0131 detayl\u0131 olarak tan\u0131mlanmaktad\u0131r. Ayn\u0131 zamanda, \u00e7erezler ve di\u011fer izleme teknolojileri sayesinde kullan\u0131c\u0131 deneyimi iyile\u015ftirilmektedir.<\/p>\r\n<p>Platform, kullan\u0131c\u0131 verilerinin g\u00fcvenli\u011fi i\u00e7in hem idari hem de teknik \u00f6nlemler almaktad\u0131r. Bu sayede, ki\u015fisel bilgilere yetkisiz ki\u015filer veya i\u015fletmelerin eri\u015fmesi \u00f6nlenmektedir. G\u00fcvenlik konusunda s\u0131k\u0131 \u00f6nlemler almas\u0131, Grandbetting sekt\u00f6rde s\u0131k\u00e7a tercih edilen bir marka haline getirmi\u015ftir.<\/p>\r\n<p>Kullan\u0131c\u0131lar\u0131n gizlili\u011fi, Grandbetting a\u00e7\u0131s\u0131ndan b\u00fcy\u00fck \u00f6nem ta\u015f\u0131maktad\u0131r. \u00dcyelerin bilgileri, g\u00fc\u00e7l\u00fc g\u00fcvenlik duvarlar\u0131 ve SSL teknolojisi ile korunmaktad\u0131r, bu da platformun g\u00fcvenilirli\u011fini art\u0131ran \u00f6nemli bir unsurdur.<\/p>\r\n<p>Bilgilerin toplanmas\u0131n\u0131n temel amac\u0131, daha iyi ve kaliteli hizmet sunabilmektir. Kullan\u0131c\u0131lar\u0131n ki\u015fisel tercihlerini anlamak ve bu do\u011frultuda hizmetleri optimize etmek de bu s\u00fcrecin bir par\u00e7as\u0131d\u0131r. Ayr\u0131ca, platformun \u00e7erez politikas\u0131na sahip oldu\u011funu da unutmamak gerekir. T\u00fcm bu \u00f6nlemler, Grandbet kullan\u0131c\u0131lar\u0131na g\u00fcvenli ve ba\u015far\u0131l\u0131 bir hizmet sundu\u011funu a\u00e7\u0131k\u00e7a g\u00f6stermektedir.<\/p>\r\n","protected":false},"excerpt":{"rendered":"<div class=\"mh-excerpt\"><p>Grandbetting, g\u00fcvenli bir platform olarak kullan\u0131c\u0131lar\u0131na online hizmet sunan yabanc\u0131 bir firmad\u0131r. Gizlilik politikas\u0131 ilkeleri a\u00e7\u0131k ve anla\u015f\u0131l\u0131r bir \u015fekilde ifade edilmi\u015ftir. Bu politika do\u011frultusunda hangi bilgilerin topland\u0131\u011f\u0131 ve bu bilgilerin nas\u0131l kullan\u0131ld\u0131\u011f\u0131 detayl\u0131 olarak <a class=\"mh-excerpt-more\" href=\"https:\/\/grandbettingz.com\/ss\/gizlilik-politikasi\/\" title=\"Gizlilik Politikas\u0131\">[&#8230;]<\/a><\/p>\n<\/div>","protected":false},"author":1,"featured_media":0,"parent":0,"menu_order":0,"comment_status":"closed","ping_status":"open","template":"","meta":{"footnotes":""},"class_list":["post-3","page","type-page","status-publish"],"yoast_head":"<!-- This site is optimized with the Yoast SEO plugin v27.4 - https:\/\/yoast.com\/product\/yoast-seo-wordpress\/ -->\n<title>Gizlilik Politikas\u0131 - Grandbetting<\/title>\n<meta name=\"robots\" content=\"index, follow, max-snippet:-1, max-image-preview:large, max-video-preview:-1\" \/>\n<link rel=\"canonical\" href=\"https:\/\/grandbettingz.com\/ss\/gizlilik-politikasi\/\" \/>\n<meta property=\"og:locale\" content=\"tr_TR\" \/>\n<meta property=\"og:type\" content=\"article\" \/>\n<meta property=\"og:title\" content=\"Gizlilik Politikas\u0131 - Grandbetting\" \/>\n<meta property=\"og:description\" content=\"Grandbetting, g\u00fcvenli bir platform olarak kullan\u0131c\u0131lar\u0131na online hizmet sunan yabanc\u0131 bir firmad\u0131r. Gizlilik politikas\u0131 ilkeleri a\u00e7\u0131k ve anla\u015f\u0131l\u0131r bir \u015fekilde ifade edilmi\u015ftir. Bu politika do\u011frultusunda hangi bilgilerin topland\u0131\u011f\u0131 ve bu bilgilerin nas\u0131l kullan\u0131ld\u0131\u011f\u0131 detayl\u0131 olarak [...]\" \/>\n<meta property=\"og:url\" content=\"https:\/\/grandbettingz.com\/ss\/gizlilik-politikasi\/\" \/>\n<meta property=\"og:site_name\" content=\"Grandbetting\" \/>\n<meta property=\"article:modified_time\" content=\"2024-10-08T22:35:47+00:00\" \/>\n<meta name=\"twitter:card\" content=\"summary_large_image\" \/>\n<meta name=\"twitter:site\" content=\"@Grandbet_tw\" \/>\n<meta name=\"twitter:label1\" content=\"Tahmini okuma s\u00fcresi\" \/>\n\t<meta name=\"twitter:data1\" content=\"1 dakika\" \/>\n<script type=\"application\/ld+json\" class=\"yoast-schema-graph\">{\"@context\":\"https:\\\/\\\/schema.org\",\"@graph\":[{\"@type\":\"WebPage\",\"@id\":\"https:\\\/\\\/grandbettingz.com\\\/ss\\\/gizlilik-politikasi\\\/\",\"url\":\"https:\\\/\\\/grandbettingz.com\\\/ss\\\/gizlilik-politikasi\\\/\",\"name\":\"Gizlilik Politikas\u0131 - Grandbetting\",\"isPartOf\":{\"@id\":\"https:\\\/\\\/grandbettingz.com\\\/ss\\\/#website\"},\"datePublished\":\"2022-12-25T15:48:37+00:00\",\"dateModified\":\"2024-10-08T22:35:47+00:00\",\"breadcrumb\":{\"@id\":\"https:\\\/\\\/grandbettingz.com\\\/ss\\\/gizlilik-politikasi\\\/#breadcrumb\"},\"inLanguage\":\"tr\",\"potentialAction\":[{\"@type\":\"ReadAction\",\"target\":[\"https:\\\/\\\/grandbettingz.com\\\/ss\\\/gizlilik-politikasi\\\/\"]}]},{\"@type\":\"BreadcrumbList\",\"@id\":\"https:\\\/\\\/grandbettingz.com\\\/ss\\\/gizlilik-politikasi\\\/#breadcrumb\",\"itemListElement\":[{\"@type\":\"ListItem\",\"position\":1,\"name\":\"Anasayfa\",\"item\":\"https:\\\/\\\/grandbettingz.com\\\/ss\\\/\"},{\"@type\":\"ListItem\",\"position\":2,\"name\":\"Gizlilik Politikas\u0131\"}]},{\"@type\":\"WebSite\",\"@id\":\"https:\\\/\\\/grandbettingz.com\\\/ss\\\/#website\",\"url\":\"https:\\\/\\\/grandbettingz.com\\\/ss\\\/\",\"name\":\"Grandbetting\",\"description\":\"Grandbetting G\u00fcncel Giri\u015f - Grandbet Giri\u015f\",\"publisher\":{\"@id\":\"https:\\\/\\\/grandbettingz.com\\\/ss\\\/#organization\"},\"potentialAction\":[{\"@type\":\"SearchAction\",\"target\":{\"@type\":\"EntryPoint\",\"urlTemplate\":\"https:\\\/\\\/grandbettingz.com\\\/ss\\\/?s={search_term_string}\"},\"query-input\":{\"@type\":\"PropertyValueSpecification\",\"valueRequired\":true,\"valueName\":\"search_term_string\"}}],\"inLanguage\":\"tr\"},{\"@type\":\"Organization\",\"@id\":\"https:\\\/\\\/grandbettingz.com\\\/ss\\\/#organization\",\"name\":\"Grandbetting\",\"url\":\"https:\\\/\\\/grandbettingz.com\\\/ss\\\/\",\"logo\":{\"@type\":\"ImageObject\",\"inLanguage\":\"tr\",\"@id\":\"https:\\\/\\\/grandbettingz.com\\\/ss\\\/#\\\/schema\\\/logo\\\/image\\\/\",\"url\":\"https:\\\/\\\/grandbettingz.com\\\/wp-content\\\/uploads\\\/2022\\\/12\\\/cropped-grandbetting-logosu.png\",\"contentUrl\":\"https:\\\/\\\/grandbettingz.com\\\/wp-content\\\/uploads\\\/2022\\\/12\\\/cropped-grandbetting-logosu.png\",\"width\":435,\"height\":145,\"caption\":\"Grandbetting\"},\"image\":{\"@id\":\"https:\\\/\\\/grandbettingz.com\\\/ss\\\/#\\\/schema\\\/logo\\\/image\\\/\"},\"sameAs\":[\"https:\\\/\\\/x.com\\\/Grandbet_tw\"]}]}<\/script>\n<!-- \/ Yoast SEO plugin. -->","yoast_head_json":{"title":"Gizlilik Politikas\u0131 - Grandbetting","robots":{"index":"index","follow":"follow","max-snippet":"max-snippet:-1","max-image-preview":"max-image-preview:large","max-video-preview":"max-video-preview:-1"},"canonical":"https:\/\/grandbettingz.com\/ss\/gizlilik-politikasi\/","og_locale":"tr_TR","og_type":"article","og_title":"Gizlilik Politikas\u0131 - Grandbetting","og_description":"Grandbetting, g\u00fcvenli bir platform olarak kullan\u0131c\u0131lar\u0131na online hizmet sunan yabanc\u0131 bir firmad\u0131r. Gizlilik politikas\u0131 ilkeleri a\u00e7\u0131k ve anla\u015f\u0131l\u0131r bir \u015fekilde ifade edilmi\u015ftir. Bu politika do\u011frultusunda hangi bilgilerin topland\u0131\u011f\u0131 ve bu bilgilerin nas\u0131l kullan\u0131ld\u0131\u011f\u0131 detayl\u0131 olarak [...]","og_url":"https:\/\/grandbettingz.com\/ss\/gizlilik-politikasi\/","og_site_name":"Grandbetting","article_modified_time":"2024-10-08T22:35:47+00:00","twitter_card":"summary_large_image","twitter_site":"@Grandbet_tw","twitter_misc":{"Tahmini okuma s\u00fcresi":"1 dakika"},"schema":{"@context":"https:\/\/schema.org","@graph":[{"@type":"WebPage","@id":"https:\/\/grandbettingz.com\/ss\/gizlilik-politikasi\/","url":"https:\/\/grandbettingz.com\/ss\/gizlilik-politikasi\/","name":"Gizlilik Politikas\u0131 - Grandbetting","isPartOf":{"@id":"https:\/\/grandbettingz.com\/ss\/#website"},"datePublished":"2022-12-25T15:48:37+00:00","dateModified":"2024-10-08T22:35:47+00:00","breadcrumb":{"@id":"https:\/\/grandbettingz.com\/ss\/gizlilik-politikasi\/#breadcrumb"},"inLanguage":"tr","potentialAction":[{"@type":"ReadAction","target":["https:\/\/grandbettingz.com\/ss\/gizlilik-politikasi\/"]}]},{"@type":"BreadcrumbList","@id":"https:\/\/grandbettingz.com\/ss\/gizlilik-politikasi\/#breadcrumb","itemListElement":[{"@type":"ListItem","position":1,"name":"Anasayfa","item":"https:\/\/grandbettingz.com\/ss\/"},{"@type":"ListItem","position":2,"name":"Gizlilik Politikas\u0131"}]},{"@type":"WebSite","@id":"https:\/\/grandbettingz.com\/ss\/#website","url":"https:\/\/grandbettingz.com\/ss\/","name":"Grandbetting","description":"Grandbetting G\u00fcncel Giri\u015f - Grandbet Giri\u015f","publisher":{"@id":"https:\/\/grandbettingz.com\/ss\/#organization"},"potentialAction":[{"@type":"SearchAction","target":{"@type":"EntryPoint","urlTemplate":"https:\/\/grandbettingz.com\/ss\/?s={search_term_string}"},"query-input":{"@type":"PropertyValueSpecification","valueRequired":true,"valueName":"search_term_string"}}],"inLanguage":"tr"},{"@type":"Organization","@id":"https:\/\/grandbettingz.com\/ss\/#organization","name":"Grandbetting","url":"https:\/\/grandbettingz.com\/ss\/","logo":{"@type":"ImageObject","inLanguage":"tr","@id":"https:\/\/grandbettingz.com\/ss\/#\/schema\/logo\/image\/","url":"https:\/\/grandbettingz.com\/wp-content\/uploads\/2022\/12\/cropped-grandbetting-logosu.png","contentUrl":"https:\/\/grandbettingz.com\/wp-content\/uploads\/2022\/12\/cropped-grandbetting-logosu.png","width":435,"height":145,"caption":"Grandbetting"},"image":{"@id":"https:\/\/grandbettingz.com\/ss\/#\/schema\/logo\/image\/"},"sameAs":["https:\/\/x.com\/Grandbet_tw"]}]}},"_links":{"self":[{"href":"https:\/\/grandbettingz.com\/ss\/wp-json\/wp\/v2\/pages\/3","targetHints":{"allow":["GET"]}}],"collection":[{"href":"https:\/\/grandbettingz.com\/ss\/wp-json\/wp\/v2\/pages"}],"about":[{"href":"https:\/\/grandbettingz.com\/ss\/wp-json\/wp\/v2\/types\/page"}],"author":[{"embeddable":true,"href":"https:\/\/grandbettingz.com\/ss\/wp-json\/wp\/v2\/users\/1"}],"replies":[{"embeddable":true,"href":"https:\/\/grandbettingz.com\/ss\/wp-json\/wp\/v2\/comments?post=3"}],"version-history":[{"count":1,"href":"https:\/\/grandbettingz.com\/ss\/wp-json\/wp\/v2\/pages\/3\/revisions"}],"predecessor-version":[{"id":280,"href":"https:\/\/grandbettingz.com\/ss\/wp-json\/wp\/v2\/pages\/3\/revisions\/280"}],"wp:attachment":[{"href":"https:\/\/grandbettingz.com\/ss\/wp-json\/wp\/v2\/media?parent=3"}],"curies":[{"name":"wp","href":"https:\/\/api.w.org\/{rel}","templated":true}]}}